{"id":1897,"date":"2016-05-10T16:39:23","date_gmt":"2016-05-10T16:39:23","guid":{"rendered":"http:\/\/cinemaoriental.com\/es\/organitzacio\/"},"modified":"2025-07-20T09:37:22","modified_gmt":"2025-07-20T07:37:22","slug":"organitzacio","status":"publish","type":"page","link":"https:\/\/cinemaoriental.com\/es\/organitzacio\/","title":{"rendered":"Organizaci\u00f3n"},"content":{"rendered":"\n<p><strong><strong>Direcci\u00f3n <\/strong>\u2014 Quim Crusellas Padr\u00f3s<br><strong>Programaci\u00f3n <\/strong>\u2014 Domingo L\u00f3pez, Quim Crusellas Padr\u00f3s<br><strong>Producci\u00f3n <\/strong>\u2014 Lorda Crusellas Masoliver<br><strong>Gesti\u00f3n de p\u00fablicos y espacios<\/strong> \u2014 Maria Casas Codina<br><strong>Soporte espacios <\/strong>\u2014 Yousra Touri<br><strong>Prensa y comunicaci\u00f3n <\/strong>\u2014 Tariq Porter, Sergi Calle<br><strong>Invitados y protocolo<\/strong>\u2014 Hara Jeon<br><strong>Adjuntos invitados<\/strong> \u2014 Charleen Cheng, Ritu Verma, Mancy Kanda Raj<br><strong>Presentaciones<\/strong>\u2014 JinJin Chen, Joan Puig Mor\u00e9<br><strong>Coordinaci\u00f3n audiovisual <\/strong>\u2014 Pol Riubrogent Comas<br><strong>Dise\u00f1o gr\u00e1fico<\/strong> \u2014 <a href=\"http:\/\/www.partee.cat\"><span style=\"text-decoration: underline;\">www.partee.cat<\/span><\/a> (Jordi Farr\u00e9s, Roger Orriols, Ignasi Rovir\u00f3)<br><strong>Redes<\/strong>\u2014 Ingrid Ferrer<br><strong>Web <\/strong>\u2014 Sergi Calle, Pol Riubrogent<br><strong>Making Of<\/strong> \u2014 V\u00edctor Quintero<br><strong>Fotograf\u00eda <\/strong>\u2014 Ivan Font<br><strong>Correcciones <\/strong>\u2014 Joan Puig Mor\u00e9<br><strong>Traducci\u00f3ni y adaptaci\u00f3n subt\u00edtulos <\/strong>\u2014 Toni J\u00e1imez Zamora, Jim Lee, Domingo L\u00f3pez<br><strong>Subtitulaci\u00f3n externa<\/strong> \u2014 \u00c0lex Cardona (Charada)<br><strong>Taquillas<\/strong>\u2014 Gemma Zorita<br><strong>Conductores <\/strong>\u2014 Toni Crispi, Yunqian Hu<br><strong>Equipo t\u00e9cnico en La Bassa<\/strong> \u2014 Nil Ordeig, Joan Par\u00e9, Jaume Coma Font<br><strong>Proyecciones en L&#8217;Atl\u00e0ntida<\/strong> \u2014 Roman Terradellas<br><strong>T\u00e9cnicos en L&#8217;Atl\u00e0ntida <\/strong>\u2014 Pep Barcons, Pep Vilaregut, Joan Sanjurjo, Irene Ferrer, Arnau Planchart, Sergi Molina<br><strong>Coordinaci\u00f3n cenas y barra<\/strong> \u2014 Hase Jeon, N\u00e0bia Adillon Mateus<br><strong>Adjuntos barra<\/strong> \u2014 Elisabet Gal\u00ed, Carlos L\u00f3pez, Jordi Soldevila<br><strong>DJ\/Mr. G<\/strong> \u2014 Guillem Ca\u00f1ellas Costa<br><strong>Punto d&#8217;informaci\u00f3<\/strong>n \u2014 Marina Lorenz Lavila<br><strong>Ilustraciones<\/strong>\u2014 Xevidom<br><strong>Spots<\/strong>\u2014 EART Vic<br><strong>Tienda Nits<\/strong> \u2014 Ramon Sall\u00e9s &#8211; Kritik<br><strong>Coordinaci\u00f3n Karaoke<\/strong> \u2014 Carla Vizuete For\u00e8s, Sergi Vela Moreno<br><strong>Impresiones y soportes<\/strong>\u2014 Ferran Sarri y Eva Pujol<br><strong>Administraci\u00f3n <\/strong>\u2014 Anna Clota Roma, Anast\u00e0sia Klimkovych<br><strong>Voluntari@s &#8211; <\/strong><\/strong>Jan Parra Montmany, Ivet Parra Montmany, Aina Galt\u00e9s Montmany, Mel Mu\u00f1iz, Leiva, Montse Bover Vinyet, Gen\u00eds Jov\u00e9 Careta, Mart\u00ed Gonz\u00e1lez Montells, Duna Valls Molina, Marta Giron\u00e8s Abril, D\u00e0lia Morales Caballero, Jaume Font Montanero, Zo\u00eb Garc\u00e9s Garc\u00eda, Isaura Armengau, Ester Miro, M\u00edriam Pic\u00f3n L\u00f3pez, J\u00falia Calle Salmer\u00f3n, Andrea Perales L\u00f3pez, Yuji Tang, Iris Carpio Marmol.<\/p>\n\n\n\n<p><strong>Agradecimientos<\/strong>\u2014<br>Equip de la Regidoria de Cultura de l\u2019Ajuntament de Vic, Alejandro Rodr\u00edguez (Coordinador<br>Arte y Cultura, Fundaci\u00f3n Jap\u00f3n, Madrid), Xavier Catafal (Isaan Enterteinment), Andr\u00e9s Ar\u00e9valo<br>(Cinemaran), Jos\u00e9 Lu\u00eds Puertas (Jonu Media), Paco Gratac\u00f2s, Laura Romero i tot l&#8217;equip de Luk<br>Internacional, Jose Manuel Jara (Cinetel), Dr. Patrick Lau (HKTDC), Mil Law (FilmArt), Judith i Ariadna<br>(HKDTC Barcelona), L\u00eddia i Xesco (Institut Confuci), June Wong, Rochelle Li (Mandarin Motion<br>Pictures), Grace Chan, Jacqueline Anstiss (Entertaining Power), Yuta Takahashi (Rights Cube), Karan<br>Shah (One World Movies), Sylvia Tu (iQiyi Pictures), Liuying Cao, Jianbiao Qiao (Parallax China),<br>Ara Shin (Finecut Co.), Elly Lai (One Cool Pictures), Mike Leeder, Toby Russell (IFD Films and Arts),<br>Shin Iizawa, Yukie Yamamoto (Giga Co.), Minoru Kawasaki, Takashi Tachibana (Tachi Corporation),<br>Masanori Matsumoto, Kasai Kato (Remow), Yoshihiro Nishimura, Yoshinori Chiba (Yabai-Ze!), Carlos<br>Palencia i Juan P\u00e9rez (Cutrecon), L\u00eddia Gilabert, Eva Clota, Arola Cumeras, Alba Font, Jose Miguel<br>Rodr\u00edguez, Carles G\u00f3mez i Bet Puigblanqu\u00e9 (Kiwe), Helena Pic\u00f3, Montse Bosch, N\u00faria Antonell Rif\u00e0,<br>Unai Estivillo, Cristina Jord\u00e0, Joan Carles Aumatell i tot el personal dels Centres C\u00edvics de Vic, Roger<br>i Mikel d&#8217;Amiro, \u00c0lex Crusellas, Marta Capdevila, Eduard Aliberch, Lluc Crusellas, Uri del Bart, Im<br>Sunae i la fam\u00edlia Jeon, Francesc i Aya, Montse Sim\u00f3n, Tejinderjit Masson, Xavier Alemany, Marc<br>Bernab\u00e9, Nat\u00e1lia D\u00edaz, Robert Jov\u00e9 Raubert, Jordi i Rams, Guillem Bover, Santi Galt\u00e9s, Nish i Anmol,<br>Sandra i Aida, Jordi Ordeig, Ainara Ni\u00f1o, Bea, Rat\u00f3n, i a totes i a tots els que ens ajudeu a fer possible aquest Festival.<\/p>\n","protected":false},"excerpt":{"rendered":"<p>Direcci\u00f3n \u2014 Quim Crusellas Padr\u00f3sProgramaci\u00f3n \u2014 Domingo L\u00f3pez, Quim Crusellas Padr\u00f3sProducci\u00f3n \u2014 Lorda Crusellas MasoliverGesti\u00f3n de p\u00fablicos y espacios \u2014 [&hellip;]<\/p>\n","protected":false},"author":1,"featured_media":0,"parent":0,"menu_order":0,"comment_status":"closed","ping_status":"closed","template":"","meta":{"_acf_changed":false,"footnotes":""},"class_list":["post-1897","page","type-page","status-publish","hentry"],"acf":[],"yoast_head":"<!-- This site is optimized with the Yoast SEO plugin v27.2 - https:\/\/yoast.com\/product\/yoast-seo-wordpress\/ -->\n<title>Organizaci\u00f3n - Festival Nits de cinema oriental de Vic<\/title>\n<meta name=\"robots\" content=\"index, follow, max-snippet:-1, max-image-preview:large, max-video-preview:-1\" \/>\n<link rel=\"canonical\" href=\"https:\/\/cinemaoriental.com\/es\/organitzacio\/\" \/>\n<meta property=\"og:locale\" content=\"es_ES\" \/>\n<meta property=\"og:type\" content=\"article\" \/>\n<meta property=\"og:title\" content=\"Organizaci\u00f3n - Festival Nits de cinema oriental de Vic\" \/>\n<meta property=\"og:description\" content=\"Direcci\u00f3n \u2014 Quim Crusellas Padr\u00f3sProgramaci\u00f3n \u2014 Domingo L\u00f3pez, Quim Crusellas Padr\u00f3sProducci\u00f3n \u2014 Lorda Crusellas MasoliverGesti\u00f3n de p\u00fablicos y espacios \u2014 [&hellip;]\" \/>\n<meta property=\"og:url\" content=\"https:\/\/cinemaoriental.com\/es\/organitzacio\/\" \/>\n<meta property=\"og:site_name\" content=\"Festival Nits de cinema oriental de Vic\" \/>\n<meta property=\"article:publisher\" content=\"https:\/\/www.facebook.com\/nitscinemaoriental\" \/>\n<meta property=\"article:modified_time\" content=\"2025-07-20T07:37:22+00:00\" \/>\n<meta name=\"twitter:card\" content=\"summary_large_image\" \/>\n<meta name=\"twitter:site\" content=\"@CinemaOriental\" \/>\n<meta name=\"twitter:label1\" content=\"Tiempo de lectura\" \/>\n\t<meta name=\"twitter:data1\" content=\"3 minutos\" \/>\n<script type=\"application\/ld+json\" class=\"yoast-schema-graph\">{\"@context\":\"https:\/\/schema.org\",\"@graph\":[{\"@type\":\"WebPage\",\"@id\":\"https:\/\/cinemaoriental.com\/es\/organitzacio\/\",\"url\":\"https:\/\/cinemaoriental.com\/es\/organitzacio\/\",\"name\":\"Organizaci\u00f3n - Festival Nits de cinema oriental de Vic\",\"isPartOf\":{\"@id\":\"https:\/\/cinemaoriental.com\/en\/#website\"},\"datePublished\":\"2016-05-10T16:39:23+00:00\",\"dateModified\":\"2025-07-20T07:37:22+00:00\",\"breadcrumb\":{\"@id\":\"https:\/\/cinemaoriental.com\/es\/organitzacio\/#breadcrumb\"},\"inLanguage\":\"es\",\"potentialAction\":[{\"@type\":\"ReadAction\",\"target\":[\"https:\/\/cinemaoriental.com\/es\/organitzacio\/\"]}]},{\"@type\":\"BreadcrumbList\",\"@id\":\"https:\/\/cinemaoriental.com\/es\/organitzacio\/#breadcrumb\",\"itemListElement\":[{\"@type\":\"ListItem\",\"position\":1,\"name\":\"Inici\",\"item\":\"https:\/\/cinemaoriental.com\/es\/\"},{\"@type\":\"ListItem\",\"position\":2,\"name\":\"Organizaci\u00f3n\"}]},{\"@type\":\"WebSite\",\"@id\":\"https:\/\/cinemaoriental.com\/en\/#website\",\"url\":\"https:\/\/cinemaoriental.com\/en\/\",\"name\":\"Festival Nits de cinema oriental de Vic\",\"description\":\"19a Edici\u00f3 \u2013 Vic, del 19 al 24 de juliol de 2022\",\"publisher\":{\"@id\":\"https:\/\/cinemaoriental.com\/en\/#organization\"},\"potentialAction\":[{\"@type\":\"SearchAction\",\"target\":{\"@type\":\"EntryPoint\",\"urlTemplate\":\"https:\/\/cinemaoriental.com\/en\/?s={search_term_string}\"},\"query-input\":{\"@type\":\"PropertyValueSpecification\",\"valueRequired\":true,\"valueName\":\"search_term_string\"}}],\"inLanguage\":\"es\"},{\"@type\":\"Organization\",\"@id\":\"https:\/\/cinemaoriental.com\/en\/#organization\",\"name\":\"Festival Nits de cinema oriental de Vic\",\"url\":\"https:\/\/cinemaoriental.com\/en\/\",\"logo\":{\"@type\":\"ImageObject\",\"inLanguage\":\"es\",\"@id\":\"https:\/\/cinemaoriental.com\/en\/#\/schema\/logo\/image\/\",\"url\":\"https:\/\/cinemaoriental.com\/wp-content\/uploads\/2023\/05\/cropped-android-chrome-512x512-1.png\",\"contentUrl\":\"https:\/\/cinemaoriental.com\/wp-content\/uploads\/2023\/05\/cropped-android-chrome-512x512-1.png\",\"width\":512,\"height\":512,\"caption\":\"Festival Nits de cinema oriental de Vic\"},\"image\":{\"@id\":\"https:\/\/cinemaoriental.com\/en\/#\/schema\/logo\/image\/\"},\"sameAs\":[\"https:\/\/www.facebook.com\/nitscinemaoriental\",\"https:\/\/x.com\/CinemaOriental\",\"https:\/\/www.instagram.com\/cinemaoriental\/\"]}]}<\/script>\n<!-- \/ Yoast SEO plugin. -->","yoast_head_json":{"title":"Organizaci\u00f3n - Festival Nits de cinema oriental de Vic","robots":{"index":"index","follow":"follow","max-snippet":"max-snippet:-1","max-image-preview":"max-image-preview:large","max-video-preview":"max-video-preview:-1"},"canonical":"https:\/\/cinemaoriental.com\/es\/organitzacio\/","og_locale":"es_ES","og_type":"article","og_title":"Organizaci\u00f3n - Festival Nits de cinema oriental de Vic","og_description":"Direcci\u00f3n \u2014 Quim Crusellas Padr\u00f3sProgramaci\u00f3n \u2014 Domingo L\u00f3pez, Quim Crusellas Padr\u00f3sProducci\u00f3n \u2014 Lorda Crusellas MasoliverGesti\u00f3n de p\u00fablicos y espacios \u2014 [&hellip;]","og_url":"https:\/\/cinemaoriental.com\/es\/organitzacio\/","og_site_name":"Festival Nits de cinema oriental de Vic","article_publisher":"https:\/\/www.facebook.com\/nitscinemaoriental","article_modified_time":"2025-07-20T07:37:22+00:00","twitter_card":"summary_large_image","twitter_site":"@CinemaOriental","twitter_misc":{"Tiempo de lectura":"3 minutos"},"schema":{"@context":"https:\/\/schema.org","@graph":[{"@type":"WebPage","@id":"https:\/\/cinemaoriental.com\/es\/organitzacio\/","url":"https:\/\/cinemaoriental.com\/es\/organitzacio\/","name":"Organizaci\u00f3n - Festival Nits de cinema oriental de Vic","isPartOf":{"@id":"https:\/\/cinemaoriental.com\/en\/#website"},"datePublished":"2016-05-10T16:39:23+00:00","dateModified":"2025-07-20T07:37:22+00:00","breadcrumb":{"@id":"https:\/\/cinemaoriental.com\/es\/organitzacio\/#breadcrumb"},"inLanguage":"es","potentialAction":[{"@type":"ReadAction","target":["https:\/\/cinemaoriental.com\/es\/organitzacio\/"]}]},{"@type":"BreadcrumbList","@id":"https:\/\/cinemaoriental.com\/es\/organitzacio\/#breadcrumb","itemListElement":[{"@type":"ListItem","position":1,"name":"Inici","item":"https:\/\/cinemaoriental.com\/es\/"},{"@type":"ListItem","position":2,"name":"Organizaci\u00f3n"}]},{"@type":"WebSite","@id":"https:\/\/cinemaoriental.com\/en\/#website","url":"https:\/\/cinemaoriental.com\/en\/","name":"Festival Nits de cinema oriental de Vic","description":"19a Edici\u00f3 \u2013 Vic, del 19 al 24 de juliol de 2022","publisher":{"@id":"https:\/\/cinemaoriental.com\/en\/#organization"},"potentialAction":[{"@type":"SearchAction","target":{"@type":"EntryPoint","urlTemplate":"https:\/\/cinemaoriental.com\/en\/?s={search_term_string}"},"query-input":{"@type":"PropertyValueSpecification","valueRequired":true,"valueName":"search_term_string"}}],"inLanguage":"es"},{"@type":"Organization","@id":"https:\/\/cinemaoriental.com\/en\/#organization","name":"Festival Nits de cinema oriental de Vic","url":"https:\/\/cinemaoriental.com\/en\/","logo":{"@type":"ImageObject","inLanguage":"es","@id":"https:\/\/cinemaoriental.com\/en\/#\/schema\/logo\/image\/","url":"https:\/\/cinemaoriental.com\/wp-content\/uploads\/2023\/05\/cropped-android-chrome-512x512-1.png","contentUrl":"https:\/\/cinemaoriental.com\/wp-content\/uploads\/2023\/05\/cropped-android-chrome-512x512-1.png","width":512,"height":512,"caption":"Festival Nits de cinema oriental de Vic"},"image":{"@id":"https:\/\/cinemaoriental.com\/en\/#\/schema\/logo\/image\/"},"sameAs":["https:\/\/www.facebook.com\/nitscinemaoriental","https:\/\/x.com\/CinemaOriental","https:\/\/www.instagram.com\/cinemaoriental\/"]}]}},"_links":{"self":[{"href":"https:\/\/cinemaoriental.com\/es\/wp-json\/wp\/v2\/pages\/1897","targetHints":{"allow":["GET"]}}],"collection":[{"href":"https:\/\/cinemaoriental.com\/es\/wp-json\/wp\/v2\/pages"}],"about":[{"href":"https:\/\/cinemaoriental.com\/es\/wp-json\/wp\/v2\/types\/page"}],"author":[{"embeddable":true,"href":"https:\/\/cinemaoriental.com\/es\/wp-json\/wp\/v2\/users\/1"}],"replies":[{"embeddable":true,"href":"https:\/\/cinemaoriental.com\/es\/wp-json\/wp\/v2\/comments?post=1897"}],"version-history":[{"count":26,"href":"https:\/\/cinemaoriental.com\/es\/wp-json\/wp\/v2\/pages\/1897\/revisions"}],"predecessor-version":[{"id":42756,"href":"https:\/\/cinemaoriental.com\/es\/wp-json\/wp\/v2\/pages\/1897\/revisions\/42756"}],"wp:attachment":[{"href":"https:\/\/cinemaoriental.com\/es\/wp-json\/wp\/v2\/media?parent=1897"}],"curies":[{"name":"wp","href":"https:\/\/api.w.org\/{rel}","templated":true}]}}