{"id":736,"date":"2016-04-14T13:33:44","date_gmt":"2016-04-14T11:33:44","guid":{"rendered":"http:\/\/cinemaoriental.com\/es\/?page_id=736"},"modified":"2025-07-15T16:49:10","modified_gmt":"2025-07-15T14:49:10","slug":"programacion","status":"publish","type":"page","link":"https:\/\/cinemaoriental.com\/es\/programacion\/","title":{"rendered":"Programaci\u00f3n diaria"},"content":{"rendered":"<div id=\"pl-736\"  class=\"panel-layout\" ><div id=\"pg-736-0\"  class=\"panel-grid panel-no-style\" ><div id=\"pgc-736-0-0\"  class=\"panel-grid-cell panel-grid-cell-empty\" ><\/div><div id=\"pgc-736-0-1\"  class=\"panel-grid-cell panel-grid-cell-mobile-last\" ><div id=\"panel-736-0-1-0\" class=\"so-panel widget widget_sow-editor panel-first-child panel-last-child\" data-index=\"0\" ><div\n\t\t\t\n\t\t\tclass=\"so-widget-sow-editor so-widget-sow-editor-base\"\n\t\t\t\n\t\t>\n<div class=\"siteorigin-widget-tinymce textwidget\">\n\t<p style=\"text-align: center;\">Aqu\u00ed puedes ver la programaci\u00f3n diaria del Festival Nits - Asian Summer Film Festival<\/p>\n<p style=\"text-align: center;\">Tambi\u00e9n puedes ver la lista de <a href=\"https:\/\/cinemaoriental.com\/es\/pelicules\/\"><span style=\"text-decoration: underline;\">Lista de pel\u00edculas<\/span><\/a> y las\u00a0 <span style=\"text-decoration: underline;\"><a href=\"http:\/\/cinemaoriental.com\/es\/sopars\">Cenas en la Bassa<\/a><\/span><\/p>\n<\/div>\n<\/div><\/div><\/div><div id=\"pgc-736-0-2\"  class=\"panel-grid-cell panel-grid-cell-empty\" ><\/div><\/div><\/div>","protected":false},"excerpt":{"rendered":"<p>Aqu\u00ed puedes ver la programaci\u00f3n diaria del Festival Nits &#8211; Asian Summer Film Festival Tambi\u00e9n puedes ver la lista de [&hellip;]<\/p>\n","protected":false},"author":1,"featured_media":35137,"parent":0,"menu_order":0,"comment_status":"closed","ping_status":"closed","template":"page-templates\/programacio.php","meta":{"_acf_changed":false,"footnotes":""},"class_list":["post-736","page","type-page","status-publish","has-post-thumbnail","hentry"],"acf":[],"yoast_head":"<!-- This site is optimized with the Yoast SEO plugin v27.2 - https:\/\/yoast.com\/product\/yoast-seo-wordpress\/ -->\n<title>Programaci\u00f3n diaria - Festival Nits de cinema oriental de Vic<\/title>\n<meta name=\"robots\" content=\"index, follow, max-snippet:-1, max-image-preview:large, max-video-preview:-1\" \/>\n<link rel=\"canonical\" href=\"https:\/\/cinemaoriental.com\/es\/programacion\/\" \/>\n<meta property=\"og:locale\" content=\"es_ES\" \/>\n<meta property=\"og:type\" content=\"article\" \/>\n<meta property=\"og:title\" content=\"Programaci\u00f3n diaria - Festival Nits de cinema oriental de Vic\" \/>\n<meta property=\"og:description\" content=\"Aqu\u00ed puedes ver la programaci\u00f3n diaria del Festival Nits - Asian Summer Film Festival Tambi\u00e9n puedes ver la lista de [&hellip;]\" \/>\n<meta property=\"og:url\" content=\"https:\/\/cinemaoriental.com\/es\/programacion\/\" \/>\n<meta property=\"og:site_name\" content=\"Festival Nits de cinema oriental de Vic\" \/>\n<meta property=\"article:publisher\" content=\"https:\/\/www.facebook.com\/nitscinemaoriental\" \/>\n<meta property=\"article:modified_time\" content=\"2025-07-15T14:49:10+00:00\" \/>\n<meta property=\"og:image\" content=\"https:\/\/cinemaoriental.com\/wp-content\/uploads\/2024\/06\/02PELIS_v2-p-e1719424386545.jpg\" \/>\n\t<meta property=\"og:image:width\" content=\"1845\" \/>\n\t<meta property=\"og:image:height\" content=\"1335\" \/>\n\t<meta property=\"og:image:type\" content=\"image\/jpeg\" \/>\n<meta name=\"twitter:card\" content=\"summary_large_image\" \/>\n<meta name=\"twitter:site\" content=\"@CinemaOriental\" \/>\n<meta name=\"twitter:label1\" content=\"Tiempo de lectura\" \/>\n\t<meta name=\"twitter:data1\" content=\"1 minuto\" \/>\n<script type=\"application\/ld+json\" class=\"yoast-schema-graph\">{\"@context\":\"https:\/\/schema.org\",\"@graph\":[{\"@type\":\"WebPage\",\"@id\":\"https:\/\/cinemaoriental.com\/es\/programacion\/\",\"url\":\"https:\/\/cinemaoriental.com\/es\/programacion\/\",\"name\":\"Programaci\u00f3n diaria - Festival Nits de cinema oriental de Vic\",\"isPartOf\":{\"@id\":\"https:\/\/cinemaoriental.com\/en\/#website\"},\"primaryImageOfPage\":{\"@id\":\"https:\/\/cinemaoriental.com\/es\/programacion\/#primaryimage\"},\"image\":{\"@id\":\"https:\/\/cinemaoriental.com\/es\/programacion\/#primaryimage\"},\"thumbnailUrl\":\"https:\/\/cinemaoriental.com\/wp-content\/uploads\/2024\/06\/02PELIS_v2-p-e1719424386545.jpg\",\"datePublished\":\"2016-04-14T11:33:44+00:00\",\"dateModified\":\"2025-07-15T14:49:10+00:00\",\"breadcrumb\":{\"@id\":\"https:\/\/cinemaoriental.com\/es\/programacion\/#breadcrumb\"},\"inLanguage\":\"es\",\"potentialAction\":[{\"@type\":\"ReadAction\",\"target\":[\"https:\/\/cinemaoriental.com\/es\/programacion\/\"]}]},{\"@type\":\"ImageObject\",\"inLanguage\":\"es\",\"@id\":\"https:\/\/cinemaoriental.com\/es\/programacion\/#primaryimage\",\"url\":\"https:\/\/cinemaoriental.com\/wp-content\/uploads\/2024\/06\/02PELIS_v2-p-e1719424386545.jpg\",\"contentUrl\":\"https:\/\/cinemaoriental.com\/wp-content\/uploads\/2024\/06\/02PELIS_v2-p-e1719424386545.jpg\",\"width\":1845,\"height\":1335},{\"@type\":\"BreadcrumbList\",\"@id\":\"https:\/\/cinemaoriental.com\/es\/programacion\/#breadcrumb\",\"itemListElement\":[{\"@type\":\"ListItem\",\"position\":1,\"name\":\"Inici\",\"item\":\"https:\/\/cinemaoriental.com\/es\/\"},{\"@type\":\"ListItem\",\"position\":2,\"name\":\"Programaci\u00f3n diaria\"}]},{\"@type\":\"WebSite\",\"@id\":\"https:\/\/cinemaoriental.com\/en\/#website\",\"url\":\"https:\/\/cinemaoriental.com\/en\/\",\"name\":\"Festival Nits de cinema oriental de Vic\",\"description\":\"19a Edici\u00f3 \u2013 Vic, del 19 al 24 de juliol de 2022\",\"publisher\":{\"@id\":\"https:\/\/cinemaoriental.com\/en\/#organization\"},\"potentialAction\":[{\"@type\":\"SearchAction\",\"target\":{\"@type\":\"EntryPoint\",\"urlTemplate\":\"https:\/\/cinemaoriental.com\/en\/?s={search_term_string}\"},\"query-input\":{\"@type\":\"PropertyValueSpecification\",\"valueRequired\":true,\"valueName\":\"search_term_string\"}}],\"inLanguage\":\"es\"},{\"@type\":\"Organization\",\"@id\":\"https:\/\/cinemaoriental.com\/en\/#organization\",\"name\":\"Festival Nits de cinema oriental de Vic\",\"url\":\"https:\/\/cinemaoriental.com\/en\/\",\"logo\":{\"@type\":\"ImageObject\",\"inLanguage\":\"es\",\"@id\":\"https:\/\/cinemaoriental.com\/en\/#\/schema\/logo\/image\/\",\"url\":\"https:\/\/cinemaoriental.com\/wp-content\/uploads\/2023\/05\/cropped-android-chrome-512x512-1.png\",\"contentUrl\":\"https:\/\/cinemaoriental.com\/wp-content\/uploads\/2023\/05\/cropped-android-chrome-512x512-1.png\",\"width\":512,\"height\":512,\"caption\":\"Festival Nits de cinema oriental de Vic\"},\"image\":{\"@id\":\"https:\/\/cinemaoriental.com\/en\/#\/schema\/logo\/image\/\"},\"sameAs\":[\"https:\/\/www.facebook.com\/nitscinemaoriental\",\"https:\/\/x.com\/CinemaOriental\",\"https:\/\/www.instagram.com\/cinemaoriental\/\"]}]}<\/script>\n<!-- \/ Yoast SEO plugin. -->","yoast_head_json":{"title":"Programaci\u00f3n diaria - Festival Nits de cinema oriental de Vic","robots":{"index":"index","follow":"follow","max-snippet":"max-snippet:-1","max-image-preview":"max-image-preview:large","max-video-preview":"max-video-preview:-1"},"canonical":"https:\/\/cinemaoriental.com\/es\/programacion\/","og_locale":"es_ES","og_type":"article","og_title":"Programaci\u00f3n diaria - Festival Nits de cinema oriental de Vic","og_description":"Aqu\u00ed puedes ver la programaci\u00f3n diaria del Festival Nits - Asian Summer Film Festival Tambi\u00e9n puedes ver la lista de [&hellip;]","og_url":"https:\/\/cinemaoriental.com\/es\/programacion\/","og_site_name":"Festival Nits de cinema oriental de Vic","article_publisher":"https:\/\/www.facebook.com\/nitscinemaoriental","article_modified_time":"2025-07-15T14:49:10+00:00","og_image":[{"width":1845,"height":1335,"url":"https:\/\/cinemaoriental.com\/wp-content\/uploads\/2024\/06\/02PELIS_v2-p-e1719424386545.jpg","type":"image\/jpeg"}],"twitter_card":"summary_large_image","twitter_site":"@CinemaOriental","twitter_misc":{"Tiempo de lectura":"1 minuto"},"schema":{"@context":"https:\/\/schema.org","@graph":[{"@type":"WebPage","@id":"https:\/\/cinemaoriental.com\/es\/programacion\/","url":"https:\/\/cinemaoriental.com\/es\/programacion\/","name":"Programaci\u00f3n diaria - Festival Nits de cinema oriental de Vic","isPartOf":{"@id":"https:\/\/cinemaoriental.com\/en\/#website"},"primaryImageOfPage":{"@id":"https:\/\/cinemaoriental.com\/es\/programacion\/#primaryimage"},"image":{"@id":"https:\/\/cinemaoriental.com\/es\/programacion\/#primaryimage"},"thumbnailUrl":"https:\/\/cinemaoriental.com\/wp-content\/uploads\/2024\/06\/02PELIS_v2-p-e1719424386545.jpg","datePublished":"2016-04-14T11:33:44+00:00","dateModified":"2025-07-15T14:49:10+00:00","breadcrumb":{"@id":"https:\/\/cinemaoriental.com\/es\/programacion\/#breadcrumb"},"inLanguage":"es","potentialAction":[{"@type":"ReadAction","target":["https:\/\/cinemaoriental.com\/es\/programacion\/"]}]},{"@type":"ImageObject","inLanguage":"es","@id":"https:\/\/cinemaoriental.com\/es\/programacion\/#primaryimage","url":"https:\/\/cinemaoriental.com\/wp-content\/uploads\/2024\/06\/02PELIS_v2-p-e1719424386545.jpg","contentUrl":"https:\/\/cinemaoriental.com\/wp-content\/uploads\/2024\/06\/02PELIS_v2-p-e1719424386545.jpg","width":1845,"height":1335},{"@type":"BreadcrumbList","@id":"https:\/\/cinemaoriental.com\/es\/programacion\/#breadcrumb","itemListElement":[{"@type":"ListItem","position":1,"name":"Inici","item":"https:\/\/cinemaoriental.com\/es\/"},{"@type":"ListItem","position":2,"name":"Programaci\u00f3n diaria"}]},{"@type":"WebSite","@id":"https:\/\/cinemaoriental.com\/en\/#website","url":"https:\/\/cinemaoriental.com\/en\/","name":"Festival Nits de cinema oriental de Vic","description":"19a Edici\u00f3 \u2013 Vic, del 19 al 24 de juliol de 2022","publisher":{"@id":"https:\/\/cinemaoriental.com\/en\/#organization"},"potentialAction":[{"@type":"SearchAction","target":{"@type":"EntryPoint","urlTemplate":"https:\/\/cinemaoriental.com\/en\/?s={search_term_string}"},"query-input":{"@type":"PropertyValueSpecification","valueRequired":true,"valueName":"search_term_string"}}],"inLanguage":"es"},{"@type":"Organization","@id":"https:\/\/cinemaoriental.com\/en\/#organization","name":"Festival Nits de cinema oriental de Vic","url":"https:\/\/cinemaoriental.com\/en\/","logo":{"@type":"ImageObject","inLanguage":"es","@id":"https:\/\/cinemaoriental.com\/en\/#\/schema\/logo\/image\/","url":"https:\/\/cinemaoriental.com\/wp-content\/uploads\/2023\/05\/cropped-android-chrome-512x512-1.png","contentUrl":"https:\/\/cinemaoriental.com\/wp-content\/uploads\/2023\/05\/cropped-android-chrome-512x512-1.png","width":512,"height":512,"caption":"Festival Nits de cinema oriental de Vic"},"image":{"@id":"https:\/\/cinemaoriental.com\/en\/#\/schema\/logo\/image\/"},"sameAs":["https:\/\/www.facebook.com\/nitscinemaoriental","https:\/\/x.com\/CinemaOriental","https:\/\/www.instagram.com\/cinemaoriental\/"]}]}},"_links":{"self":[{"href":"https:\/\/cinemaoriental.com\/es\/wp-json\/wp\/v2\/pages\/736","targetHints":{"allow":["GET"]}}],"collection":[{"href":"https:\/\/cinemaoriental.com\/es\/wp-json\/wp\/v2\/pages"}],"about":[{"href":"https:\/\/cinemaoriental.com\/es\/wp-json\/wp\/v2\/types\/page"}],"author":[{"embeddable":true,"href":"https:\/\/cinemaoriental.com\/es\/wp-json\/wp\/v2\/users\/1"}],"replies":[{"embeddable":true,"href":"https:\/\/cinemaoriental.com\/es\/wp-json\/wp\/v2\/comments?post=736"}],"version-history":[{"count":71,"href":"https:\/\/cinemaoriental.com\/es\/wp-json\/wp\/v2\/pages\/736\/revisions"}],"predecessor-version":[{"id":41437,"href":"https:\/\/cinemaoriental.com\/es\/wp-json\/wp\/v2\/pages\/736\/revisions\/41437"}],"wp:featuredmedia":[{"embeddable":true,"href":"https:\/\/cinemaoriental.com\/es\/wp-json\/wp\/v2\/media\/35137"}],"wp:attachment":[{"href":"https:\/\/cinemaoriental.com\/es\/wp-json\/wp\/v2\/media?parent=736"}],"curies":[{"name":"wp","href":"https:\/\/api.w.org\/{rel}","templated":true}]}}