{"id":13320,"date":"2020-06-15T09:58:31","date_gmt":"2020-06-15T07:58:31","guid":{"rendered":"https:\/\/cinemaoriental.com\/producte\/abonament-nitoman\/"},"modified":"2025-07-13T23:23:48","modified_gmt":"2025-07-13T21:23:48","slug":"abonament-nitoman","status":"publish","type":"product","link":"https:\/\/cinemaoriental.com\/es\/producte\/abonament-nitoman\/","title":{"rendered":"Bono Nit\u00f2man"},"content":{"rendered":"<p><strong>\u00bfNo te quieres perder nada del Festival Nits?<\/strong><\/p>\n<p>Como dice\u00a0 el refr\u00e1n (de la Castilla oriental, claro): <em>Qui\u00e9n abono echa, recibe buena cosecha.\u00a0<\/em>Dicho y hecho: con el bono Nit\u00f2man de este a\u00f1o podr\u00e1s acceder a todas las sesiones del festival (del 15 al 20 de julio).<\/p>\n<p>El bono Nit\u00f2man es personal y nominativo. Para facilitar la gesti\u00f3n, solo se podr\u00e1 adquirir un bono en cada compra.<\/p>\n<p>Las compras que se hagan a partir del domingo 6 de julio no contar\u00e1n con foto personalizada.<\/p>\n","protected":false},"excerpt":{"rendered":"<p><strong>La venta en l\u00ednia ha finalizado. <\/strong><br \/>\n<strong>Podr\u00e1s comprar tu Bono Nit\u00f2man a partir del martes en la zona de acreditaciones del festival, en L&#8217;Atl\u00e0ntida.<\/strong><\/p>\n<p><strong>Bono Nit\u00f2man<\/strong><\/p>\n<p>Accede a todas las sesiones del Festival Nits a un precio \u00fanico.<\/p>\n","protected":false},"featured_media":38201,"template":"","meta":{"_acf_changed":false},"product_brand":[],"product_cat":[960],"product_tag":[],"class_list":{"0":"post-13320","1":"product","2":"type-product","3":"status-publish","4":"has-post-thumbnail","6":"product_cat-bonos","8":"first","9":"instock","10":"virtual","11":"sold-individually","12":"purchasable","13":"product-type-simple"},"acf":[],"yoast_head":"<!-- This site is optimized with the Yoast SEO plugin v27.2 - https:\/\/yoast.com\/product\/yoast-seo-wordpress\/ -->\n<title>Bono Nit\u00f2man - Festival Nits de cinema oriental de Vic<\/title>\n<meta name=\"robots\" content=\"index, follow, max-snippet:-1, max-image-preview:large, max-video-preview:-1\" \/>\n<link rel=\"canonical\" href=\"https:\/\/cinemaoriental.com\/producte\/abonament-nitoman\/\" \/>\n<meta property=\"og:locale\" content=\"es_ES\" \/>\n<meta property=\"og:type\" content=\"article\" \/>\n<meta property=\"og:title\" content=\"Bono Nit\u00f2man - Festival Nits de cinema oriental de Vic\" \/>\n<meta property=\"og:description\" content=\"La venta en l\u00ednia ha finalizado.  Podr\u00e1s comprar tu Bono Nit\u00f2man a partir del martes en la zona de acreditaciones del festival, en L&#039;Atl\u00e0ntida.  Bono Nit\u00f2man  Accede a todas las sesiones del Festival Nits a un precio \u00fanico.\" \/>\n<meta property=\"og:url\" content=\"https:\/\/cinemaoriental.com\/producte\/abonament-nitoman\/\" \/>\n<meta property=\"og:site_name\" content=\"Festival Nits de cinema oriental de Vic\" \/>\n<meta property=\"article:publisher\" content=\"https:\/\/www.facebook.com\/nitscinemaoriental\" \/>\n<meta property=\"article:modified_time\" content=\"2025-07-13T21:23:48+00:00\" \/>\n<meta property=\"og:image\" content=\"https:\/\/cinemaoriental.com\/wp-content\/uploads\/2025\/04\/festival-nits-2025-imatge.jpg\" \/>\n\t<meta property=\"og:image:width\" content=\"1080\" \/>\n\t<meta property=\"og:image:height\" content=\"1350\" \/>\n\t<meta property=\"og:image:type\" content=\"image\/jpeg\" \/>\n<meta name=\"twitter:card\" content=\"summary_large_image\" \/>\n<meta name=\"twitter:site\" content=\"@CinemaOriental\" \/>\n<meta name=\"twitter:label1\" content=\"Tiempo de lectura\" \/>\n\t<meta name=\"twitter:data1\" content=\"1 minuto\" \/>\n<script type=\"application\/ld+json\" class=\"yoast-schema-graph\">{\"@context\":\"https:\/\/schema.org\",\"@graph\":[{\"@type\":\"WebPage\",\"@id\":\"https:\/\/cinemaoriental.com\/producte\/abonament-nitoman\/\",\"url\":\"https:\/\/cinemaoriental.com\/producte\/abonament-nitoman\/\",\"name\":\"Bono Nit\u00f2man - Festival Nits de cinema oriental de Vic\",\"isPartOf\":{\"@id\":\"https:\/\/cinemaoriental.com\/en\/#website\"},\"primaryImageOfPage\":{\"@id\":\"https:\/\/cinemaoriental.com\/producte\/abonament-nitoman\/#primaryimage\"},\"image\":{\"@id\":\"https:\/\/cinemaoriental.com\/producte\/abonament-nitoman\/#primaryimage\"},\"thumbnailUrl\":\"https:\/\/cinemaoriental.com\/wp-content\/uploads\/2025\/04\/festival-nits-2025-imatge.jpg\",\"datePublished\":\"2020-06-15T07:58:31+00:00\",\"dateModified\":\"2025-07-13T21:23:48+00:00\",\"breadcrumb\":{\"@id\":\"https:\/\/cinemaoriental.com\/producte\/abonament-nitoman\/#breadcrumb\"},\"inLanguage\":\"es\",\"potentialAction\":[{\"@type\":\"ReadAction\",\"target\":[\"https:\/\/cinemaoriental.com\/producte\/abonament-nitoman\/\"]}]},{\"@type\":\"ImageObject\",\"inLanguage\":\"es\",\"@id\":\"https:\/\/cinemaoriental.com\/producte\/abonament-nitoman\/#primaryimage\",\"url\":\"https:\/\/cinemaoriental.com\/wp-content\/uploads\/2025\/04\/festival-nits-2025-imatge.jpg\",\"contentUrl\":\"https:\/\/cinemaoriental.com\/wp-content\/uploads\/2025\/04\/festival-nits-2025-imatge.jpg\",\"width\":1080,\"height\":1350},{\"@type\":\"BreadcrumbList\",\"@id\":\"https:\/\/cinemaoriental.com\/producte\/abonament-nitoman\/#breadcrumb\",\"itemListElement\":[{\"@type\":\"ListItem\",\"position\":1,\"name\":\"Inici\",\"item\":\"https:\/\/cinemaoriental.com\/es\/\"},{\"@type\":\"ListItem\",\"position\":2,\"name\":\"Bono Nit\u00f2man\"}]},{\"@type\":\"WebSite\",\"@id\":\"https:\/\/cinemaoriental.com\/en\/#website\",\"url\":\"https:\/\/cinemaoriental.com\/en\/\",\"name\":\"Festival Nits de cinema oriental de Vic\",\"description\":\"19a Edici\u00f3 \u2013 Vic, del 19 al 24 de juliol de 2022\",\"publisher\":{\"@id\":\"https:\/\/cinemaoriental.com\/en\/#organization\"},\"potentialAction\":[{\"@type\":\"SearchAction\",\"target\":{\"@type\":\"EntryPoint\",\"urlTemplate\":\"https:\/\/cinemaoriental.com\/en\/?s={search_term_string}\"},\"query-input\":{\"@type\":\"PropertyValueSpecification\",\"valueRequired\":true,\"valueName\":\"search_term_string\"}}],\"inLanguage\":\"es\"},{\"@type\":\"Organization\",\"@id\":\"https:\/\/cinemaoriental.com\/en\/#organization\",\"name\":\"Festival Nits de cinema oriental de Vic\",\"url\":\"https:\/\/cinemaoriental.com\/en\/\",\"logo\":{\"@type\":\"ImageObject\",\"inLanguage\":\"es\",\"@id\":\"https:\/\/cinemaoriental.com\/en\/#\/schema\/logo\/image\/\",\"url\":\"https:\/\/cinemaoriental.com\/wp-content\/uploads\/2023\/05\/cropped-android-chrome-512x512-1.png\",\"contentUrl\":\"https:\/\/cinemaoriental.com\/wp-content\/uploads\/2023\/05\/cropped-android-chrome-512x512-1.png\",\"width\":512,\"height\":512,\"caption\":\"Festival Nits de cinema oriental de Vic\"},\"image\":{\"@id\":\"https:\/\/cinemaoriental.com\/en\/#\/schema\/logo\/image\/\"},\"sameAs\":[\"https:\/\/www.facebook.com\/nitscinemaoriental\",\"https:\/\/x.com\/CinemaOriental\",\"https:\/\/www.instagram.com\/cinemaoriental\/\"]}]}<\/script>\n<!-- \/ Yoast SEO plugin. -->","yoast_head_json":{"title":"Bono Nit\u00f2man - Festival Nits de cinema oriental de Vic","robots":{"index":"index","follow":"follow","max-snippet":"max-snippet:-1","max-image-preview":"max-image-preview:large","max-video-preview":"max-video-preview:-1"},"canonical":"https:\/\/cinemaoriental.com\/producte\/abonament-nitoman\/","og_locale":"es_ES","og_type":"article","og_title":"Bono Nit\u00f2man - Festival Nits de cinema oriental de Vic","og_description":"La venta en l\u00ednia ha finalizado.  Podr\u00e1s comprar tu Bono Nit\u00f2man a partir del martes en la zona de acreditaciones del festival, en L'Atl\u00e0ntida.  Bono Nit\u00f2man  Accede a todas las sesiones del Festival Nits a un precio \u00fanico.","og_url":"https:\/\/cinemaoriental.com\/producte\/abonament-nitoman\/","og_site_name":"Festival Nits de cinema oriental de Vic","article_publisher":"https:\/\/www.facebook.com\/nitscinemaoriental","article_modified_time":"2025-07-13T21:23:48+00:00","og_image":[{"width":1080,"height":1350,"url":"https:\/\/cinemaoriental.com\/wp-content\/uploads\/2025\/04\/festival-nits-2025-imatge.jpg","type":"image\/jpeg"}],"twitter_card":"summary_large_image","twitter_site":"@CinemaOriental","twitter_misc":{"Tiempo de lectura":"1 minuto"},"schema":{"@context":"https:\/\/schema.org","@graph":[{"@type":"WebPage","@id":"https:\/\/cinemaoriental.com\/producte\/abonament-nitoman\/","url":"https:\/\/cinemaoriental.com\/producte\/abonament-nitoman\/","name":"Bono Nit\u00f2man - Festival Nits de cinema oriental de Vic","isPartOf":{"@id":"https:\/\/cinemaoriental.com\/en\/#website"},"primaryImageOfPage":{"@id":"https:\/\/cinemaoriental.com\/producte\/abonament-nitoman\/#primaryimage"},"image":{"@id":"https:\/\/cinemaoriental.com\/producte\/abonament-nitoman\/#primaryimage"},"thumbnailUrl":"https:\/\/cinemaoriental.com\/wp-content\/uploads\/2025\/04\/festival-nits-2025-imatge.jpg","datePublished":"2020-06-15T07:58:31+00:00","dateModified":"2025-07-13T21:23:48+00:00","breadcrumb":{"@id":"https:\/\/cinemaoriental.com\/producte\/abonament-nitoman\/#breadcrumb"},"inLanguage":"es","potentialAction":[{"@type":"ReadAction","target":["https:\/\/cinemaoriental.com\/producte\/abonament-nitoman\/"]}]},{"@type":"ImageObject","inLanguage":"es","@id":"https:\/\/cinemaoriental.com\/producte\/abonament-nitoman\/#primaryimage","url":"https:\/\/cinemaoriental.com\/wp-content\/uploads\/2025\/04\/festival-nits-2025-imatge.jpg","contentUrl":"https:\/\/cinemaoriental.com\/wp-content\/uploads\/2025\/04\/festival-nits-2025-imatge.jpg","width":1080,"height":1350},{"@type":"BreadcrumbList","@id":"https:\/\/cinemaoriental.com\/producte\/abonament-nitoman\/#breadcrumb","itemListElement":[{"@type":"ListItem","position":1,"name":"Inici","item":"https:\/\/cinemaoriental.com\/es\/"},{"@type":"ListItem","position":2,"name":"Bono Nit\u00f2man"}]},{"@type":"WebSite","@id":"https:\/\/cinemaoriental.com\/en\/#website","url":"https:\/\/cinemaoriental.com\/en\/","name":"Festival Nits de cinema oriental de Vic","description":"19a Edici\u00f3 \u2013 Vic, del 19 al 24 de juliol de 2022","publisher":{"@id":"https:\/\/cinemaoriental.com\/en\/#organization"},"potentialAction":[{"@type":"SearchAction","target":{"@type":"EntryPoint","urlTemplate":"https:\/\/cinemaoriental.com\/en\/?s={search_term_string}"},"query-input":{"@type":"PropertyValueSpecification","valueRequired":true,"valueName":"search_term_string"}}],"inLanguage":"es"},{"@type":"Organization","@id":"https:\/\/cinemaoriental.com\/en\/#organization","name":"Festival Nits de cinema oriental de Vic","url":"https:\/\/cinemaoriental.com\/en\/","logo":{"@type":"ImageObject","inLanguage":"es","@id":"https:\/\/cinemaoriental.com\/en\/#\/schema\/logo\/image\/","url":"https:\/\/cinemaoriental.com\/wp-content\/uploads\/2023\/05\/cropped-android-chrome-512x512-1.png","contentUrl":"https:\/\/cinemaoriental.com\/wp-content\/uploads\/2023\/05\/cropped-android-chrome-512x512-1.png","width":512,"height":512,"caption":"Festival Nits de cinema oriental de Vic"},"image":{"@id":"https:\/\/cinemaoriental.com\/en\/#\/schema\/logo\/image\/"},"sameAs":["https:\/\/www.facebook.com\/nitscinemaoriental","https:\/\/x.com\/CinemaOriental","https:\/\/www.instagram.com\/cinemaoriental\/"]}]}},"_links":{"self":[{"href":"https:\/\/cinemaoriental.com\/es\/wp-json\/wp\/v2\/product\/13320","targetHints":{"allow":["GET"]}}],"collection":[{"href":"https:\/\/cinemaoriental.com\/es\/wp-json\/wp\/v2\/product"}],"about":[{"href":"https:\/\/cinemaoriental.com\/es\/wp-json\/wp\/v2\/types\/product"}],"wp:featuredmedia":[{"embeddable":true,"href":"https:\/\/cinemaoriental.com\/es\/wp-json\/wp\/v2\/media\/38201"}],"wp:attachment":[{"href":"https:\/\/cinemaoriental.com\/es\/wp-json\/wp\/v2\/media?parent=13320"}],"wp:term":[{"taxonomy":"product_brand","embeddable":true,"href":"https:\/\/cinemaoriental.com\/es\/wp-json\/wp\/v2\/product_brand?post=13320"},{"taxonomy":"product_cat","embeddable":true,"href":"https:\/\/cinemaoriental.com\/es\/wp-json\/wp\/v2\/product_cat?post=13320"},{"taxonomy":"product_tag","embeddable":true,"href":"https:\/\/cinemaoriental.com\/es\/wp-json\/wp\/v2\/product_tag?post=13320"}],"curies":[{"name":"wp","href":"https:\/\/api.w.org\/{rel}","templated":true}]}}